{"id":155,"date":"2025-04-07T04:40:30","date_gmt":"2025-04-07T04:40:30","guid":{"rendered":"https:\/\/cyge3r.com\/?page_id=155"},"modified":"2025-04-14T13:34:06","modified_gmt":"2025-04-14T13:34:06","slug":"conocenos","status":"publish","type":"page","link":"https:\/\/cyge3r.com\/en\/conocenos\/","title":{"rendered":"About Us"},"content":{"rendered":"<div data-elementor-type=\"wp-page\" data-elementor-id=\"155\" class=\"elementor elementor-155\" data-elementor-post-type=\"page\">\n\t\t\t\t<div class=\"elementor-element elementor-element-afdda55 e-flex e-con-boxed e-con e-parent\" data-id=\"afdda55\" data-element_type=\"container\">\n\t\t\t\t\t<div class=\"e-con-inner\">\n\t\t\t\t<div class=\"elementor-element elementor-element-3647e7f elementor-widget elementor-widget-heading\" data-id=\"3647e7f\" data-element_type=\"widget\" data-widget_type=\"heading.default\">\n\t\t\t\t<div class=\"elementor-widget-container\">\n\t\t\t\t\t<h2 class=\"elementor-heading-title elementor-size-default\">About Us<\/h2>\t\t\t\t<\/div>\n\t\t\t\t<\/div>\n\t\t\t\t<div class=\"elementor-element elementor-element-7d9ddbf elementor-widget-divider--view-line elementor-widget elementor-widget-divider\" data-id=\"7d9ddbf\" data-element_type=\"widget\" data-widget_type=\"divider.default\">\n\t\t\t\t<div class=\"elementor-widget-container\">\n\t\t\t\t\t\t\t<div class=\"elementor-divider\">\n\t\t\t<span class=\"elementor-divider-separator\">\n\t\t\t\t\t\t<\/span>\n\t\t<\/div>\n\t\t\t\t\t\t<\/div>\n\t\t\t\t<\/div>\n\t\t\t\t\t<\/div>\n\t\t\t\t<\/div>\n\t\t<div class=\"elementor-element elementor-element-61f9293 e-flex e-con-boxed e-con e-parent\" data-id=\"61f9293\" data-element_type=\"container\">\n\t\t\t\t\t<div class=\"e-con-inner\">\n\t\t<div class=\"elementor-element elementor-element-33b9883 e-con-full e-flex elementor-invisible e-con e-child\" data-id=\"33b9883\" data-element_type=\"container\" data-settings=\"{&quot;animation&quot;:&quot;fadeInLeft&quot;}\">\n\t\t\t\t<div class=\"elementor-element elementor-element-152ac7d elementor-widget elementor-widget-image\" data-id=\"152ac7d\" data-element_type=\"widget\" data-widget_type=\"image.default\">\n\t\t\t\t<div class=\"elementor-widget-container\">\n\t\t\t\t\t\t\t\t\t\t\t\t\t\t\t<img fetchpriority=\"high\" decoding=\"async\" width=\"1000\" height=\"500\" src=\"https:\/\/cyge3r.com\/wp-content\/uploads\/2025\/04\/con013-1000x500-1.jpg\" class=\"attachment-full size-full wp-image-160\" alt=\"\" srcset=\"https:\/\/cyge3r.com\/wp-content\/uploads\/2025\/04\/con013-1000x500-1.jpg 1000w, https:\/\/cyge3r.com\/wp-content\/uploads\/2025\/04\/con013-1000x500-1-300x150.jpg 300w, https:\/\/cyge3r.com\/wp-content\/uploads\/2025\/04\/con013-1000x500-1-768x384.jpg 768w\" sizes=\"(max-width: 1000px) 100vw, 1000px\" \/>\t\t\t\t\t\t\t\t\t\t\t\t\t\t\t<\/div>\n\t\t\t\t<\/div>\n\t\t\t\t<div class=\"elementor-element elementor-element-2ed0b55 elementor-widget elementor-widget-text-editor\" data-id=\"2ed0b55\" data-element_type=\"widget\" data-widget_type=\"text-editor.default\">\n\t\t\t\t<div class=\"elementor-widget-container\">\n\t\t\t\t\t\t\t\t\t<p class=\"translation-block\">At <strong>3R CYGE<\/strong>, we've been helping businesses, homeowner associations, and individuals <strong>optimize their energy consumption<\/strong> and reduce costs since <strong>2016<\/strong>. We specialize in <strong>energy efficiency, renewable energy, and energy consulting.<\/strong><\/p>\t\t\t\t\t\t\t\t<\/div>\n\t\t\t\t<\/div>\n\t\t\t\t<div class=\"elementor-element elementor-element-a12cc13 elementor-widget elementor-widget-text-editor\" data-id=\"a12cc13\" data-element_type=\"widget\" data-widget_type=\"text-editor.default\">\n\t\t\t\t<div class=\"elementor-widget-container\">\n\t\t\t\t\t\t\t\t\t<p class=\"translation-block\">Our team of experts has a solid track record in the energy sector, ensuring a service based on <strong>experience, professionalism, and trust<\/strong>. We analyze each case rigorously, identify savings opportunities, and apply innovative solutions to <strong>reduce costs without compromising efficiency<\/strong>.<\/p>\t\t\t\t\t\t\t\t<\/div>\n\t\t\t\t<\/div>\n\t\t\t\t<div class=\"elementor-element elementor-element-e65072a elementor-widget elementor-widget-text-editor\" data-id=\"e65072a\" data-element_type=\"widget\" data-widget_type=\"text-editor.default\">\n\t\t\t\t<div class=\"elementor-widget-container\">\n\t\t\t\t\t\t\t\t\t<p class=\"translation-block\">Additionally, we are firmly committed to <strong>sustainability<\/strong>. We promote the smart use of energy and facilitate the integration of <strong>renewable sources<\/strong>, helping our clients reduce their environmental footprint without compromising a secure and efficient supply.<\/p>\t\t\t\t\t\t\t\t<\/div>\n\t\t\t\t<\/div>\n\t\t\t\t<\/div>\n\t\t<div class=\"elementor-element elementor-element-e64b9c1 e-con-full e-flex elementor-invisible e-con e-child\" data-id=\"e64b9c1\" data-element_type=\"container\" data-settings=\"{&quot;animation&quot;:&quot;fadeInRight&quot;}\">\n\t\t\t\t<div class=\"elementor-element elementor-element-76e1848 elementor-widget elementor-widget-heading\" data-id=\"76e1848\" data-element_type=\"widget\" data-widget_type=\"heading.default\">\n\t\t\t\t<div class=\"elementor-widget-container\">\n\t\t\t\t\t<h2 class=\"elementor-heading-title elementor-size-default\">Principles of our work<\/h2>\t\t\t\t<\/div>\n\t\t\t\t<\/div>\n\t\t\t\t<div class=\"elementor-element elementor-element-e100262 elementor-widget-divider--view-line elementor-widget elementor-widget-divider\" data-id=\"e100262\" data-element_type=\"widget\" data-widget_type=\"divider.default\">\n\t\t\t\t<div class=\"elementor-widget-container\">\n\t\t\t\t\t\t\t<div class=\"elementor-divider\">\n\t\t\t<span class=\"elementor-divider-separator\">\n\t\t\t\t\t\t<\/span>\n\t\t<\/div>\n\t\t\t\t\t\t<\/div>\n\t\t\t\t<\/div>\n\t\t\t\t<div class=\"elementor-element elementor-element-b7a6521 elementor-widget elementor-widget-text-editor\" data-id=\"b7a6521\" data-element_type=\"widget\" data-widget_type=\"text-editor.default\">\n\t\t\t\t<div class=\"elementor-widget-container\">\n\t\t\t\t\t\t\t\t\t<div class=\"standard-arrow bullet-top\"><ul><li>Savings and efficiency without complications.<\/li><li>Energ\u00eda renovable adaptada a ti.<\/li><li>Supply guarantee and cost reduction.<\/li><li>Transparency and commitment in every project.<\/li><li>More than a decade of experience in the industry.<\/li><li>Sustainable energy for a more efficient future.<\/li><\/ul><\/div>\t\t\t\t\t\t\t\t<\/div>\n\t\t\t\t<\/div>\n\t\t\t\t<div class=\"elementor-element elementor-element-3bfcfa6 elementor-widget elementor-widget-heading\" data-id=\"3bfcfa6\" data-element_type=\"widget\" data-widget_type=\"heading.default\">\n\t\t\t\t<div class=\"elementor-widget-container\">\n\t\t\t\t\t<h2 class=\"elementor-heading-title elementor-size-default\">Energy Services Company<\/h2>\t\t\t\t<\/div>\n\t\t\t\t<\/div>\n\t\t\t\t<div class=\"elementor-element elementor-element-e4e5a7a elementor-widget-divider--view-line elementor-widget elementor-widget-divider\" data-id=\"e4e5a7a\" data-element_type=\"widget\" data-widget_type=\"divider.default\">\n\t\t\t\t<div class=\"elementor-widget-container\">\n\t\t\t\t\t\t\t<div class=\"elementor-divider\">\n\t\t\t<span class=\"elementor-divider-separator\">\n\t\t\t\t\t\t<\/span>\n\t\t<\/div>\n\t\t\t\t\t\t<\/div>\n\t\t\t\t<\/div>\n\t\t\t\t<div class=\"elementor-element elementor-element-7657758 elementor-widget elementor-widget-image\" data-id=\"7657758\" data-element_type=\"widget\" data-widget_type=\"image.default\">\n\t\t\t\t<div class=\"elementor-widget-container\">\n\t\t\t\t\t\t\t\t\t\t\t\t\t\t\t<img decoding=\"async\" width=\"1304\" height=\"482\" src=\"https:\/\/cyge3r.com\/wp-content\/uploads\/2025\/04\/MARCA-IDAE-COLOR-CON-TEXTO_fondo_transp-.png\" class=\"attachment-full size-full wp-image-346\" alt=\"\" srcset=\"https:\/\/cyge3r.com\/wp-content\/uploads\/2025\/04\/MARCA-IDAE-COLOR-CON-TEXTO_fondo_transp-.png 1304w, https:\/\/cyge3r.com\/wp-content\/uploads\/2025\/04\/MARCA-IDAE-COLOR-CON-TEXTO_fondo_transp--300x111.png 300w, https:\/\/cyge3r.com\/wp-content\/uploads\/2025\/04\/MARCA-IDAE-COLOR-CON-TEXTO_fondo_transp--1024x379.png 1024w, https:\/\/cyge3r.com\/wp-content\/uploads\/2025\/04\/MARCA-IDAE-COLOR-CON-TEXTO_fondo_transp--768x284.png 768w\" sizes=\"(max-width: 1304px) 100vw, 1304px\" \/>\t\t\t\t\t\t\t\t\t\t\t\t\t\t\t<\/div>\n\t\t\t\t<\/div>\n\t\t\t\t<\/div>\n\t\t\t\t\t<\/div>\n\t\t\t\t<\/div>\n\t\t<div class=\"elementor-element elementor-element-735a0fb e-flex e-con-boxed elementor-invisible e-con e-parent\" data-id=\"735a0fb\" data-element_type=\"container\" data-settings=\"{&quot;background_background&quot;:&quot;classic&quot;,&quot;animation&quot;:&quot;fadeIn&quot;}\">\n\t\t\t\t\t<div class=\"e-con-inner\">\n\t\t<div class=\"elementor-element elementor-element-6dd67ca e-con-full e-flex e-con e-child\" data-id=\"6dd67ca\" data-element_type=\"container\">\n\t\t\t\t<div class=\"elementor-element elementor-element-a25a380 elementor-widget elementor-widget-heading\" data-id=\"a25a380\" data-element_type=\"widget\" data-widget_type=\"heading.default\">\n\t\t\t\t<div class=\"elementor-widget-container\">\n\t\t\t\t\t<h2 class=\"elementor-heading-title elementor-size-default\">Contact us and start improving today!<\/h2>\t\t\t\t<\/div>\n\t\t\t\t<\/div>\n\t\t\t\t<div class=\"elementor-element elementor-element-857e3c2 elementor-widget-divider--view-line elementor-widget elementor-widget-divider\" data-id=\"857e3c2\" data-element_type=\"widget\" data-widget_type=\"divider.default\">\n\t\t\t\t<div class=\"elementor-widget-container\">\n\t\t\t\t\t\t\t<div class=\"elementor-divider\">\n\t\t\t<span class=\"elementor-divider-separator\">\n\t\t\t\t\t\t<\/span>\n\t\t<\/div>\n\t\t\t\t\t\t<\/div>\n\t\t\t\t<\/div>\n\t\t\t\t<div class=\"elementor-element elementor-element-37ca835 elementor-widget-tablet__width-inherit elementor-widget elementor-widget-text-editor\" data-id=\"37ca835\" data-element_type=\"widget\" data-widget_type=\"text-editor.default\">\n\t\t\t\t<div class=\"elementor-widget-container\">\n\t\t\t\t\t\t\t\t\t<div class=\"uvc-sub-heading ult-responsive translation-block\" data-ultimate-target=\".uvc-heading.ultimate-heading-227067f009ee491ce .uvc-sub-heading \" data-responsive-json-new=\"{&quot;font-size&quot;:&quot;desktop:18px;&quot;,&quot;line-height&quot;:&quot;desktop:30px;&quot;}\">At <strong>3R CYGE<\/strong>, we work to help you save money, optimize your consumption, and make your energy more efficient.<\/div>\t\t\t\t\t\t\t\t<\/div>\n\t\t\t\t<\/div>\n\t\t\t\t<\/div>\n\t\t<div class=\"elementor-element elementor-element-5b0edb6 e-con-full e-flex e-con e-child\" data-id=\"5b0edb6\" data-element_type=\"container\">\n\t\t\t\t<div class=\"elementor-element elementor-element-451cf53 elementor-align-right elementor-widescreen-align-right elementor-mobile_extra-align-right elementor-mobile-align-right elementor-widget elementor-widget-button\" data-id=\"451cf53\" data-element_type=\"widget\" data-widget_type=\"button.default\">\n\t\t\t\t<div class=\"elementor-widget-container\">\n\t\t\t\t\t\t\t\t\t<div class=\"elementor-button-wrapper\">\n\t\t\t\t\t<a class=\"elementor-button elementor-button-link elementor-size-sm elementor-animation-grow\" href=\"https:\/\/cyge3r.com\/en\/contacto\/\">\n\t\t\t\t\t\t<span class=\"elementor-button-content-wrapper\">\n\t\t\t\t\t\t\t\t\t<span class=\"elementor-button-text\">Contact Us<\/span>\n\t\t\t\t\t<\/span>\n\t\t\t\t\t<\/a>\n\t\t\t\t<\/div>\n\t\t\t\t\t\t\t\t<\/div>\n\t\t\t\t<\/div>\n\t\t\t\t<\/div>\n\t\t\t\t\t<\/div>\n\t\t\t\t<\/div>\n\t\t\t\t<\/div>","protected":false},"excerpt":{"rendered":"<p>Con\u00f3cenos En 3R CYGE llevamos desde 2016 ayudando a empresas, comunidades de propietarios y particulares a optimizar su consumo energ\u00e9tico y reducir costes. Somos especialistas en eficiencia energ\u00e9tica, energ\u00edas renovables y asesoramiento energ\u00e9tico. Nuestro equipo de expertos cuenta con una s\u00f3lida trayectoria en el sector energ\u00e9tico, garantizando un servicio basado en la experiencia, la profesionalidad [&hellip;]<\/p>","protected":false},"author":1,"featured_media":0,"parent":0,"menu_order":0,"comment_status":"closed","ping_status":"open","template":"elementor_header_footer","meta":{"footnotes":""},"class_list":["post-155","page","type-page","status-publish","hentry"],"_links":{"self":[{"href":"https:\/\/cyge3r.com\/en\/wp-json\/wp\/v2\/pages\/155","targetHints":{"allow":["GET"]}}],"collection":[{"href":"https:\/\/cyge3r.com\/en\/wp-json\/wp\/v2\/pages"}],"about":[{"href":"https:\/\/cyge3r.com\/en\/wp-json\/wp\/v2\/types\/page"}],"author":[{"embeddable":true,"href":"https:\/\/cyge3r.com\/en\/wp-json\/wp\/v2\/users\/1"}],"replies":[{"embeddable":true,"href":"https:\/\/cyge3r.com\/en\/wp-json\/wp\/v2\/comments?post=155"}],"version-history":[{"count":112,"href":"https:\/\/cyge3r.com\/en\/wp-json\/wp\/v2\/pages\/155\/revisions"}],"predecessor-version":[{"id":573,"href":"https:\/\/cyge3r.com\/en\/wp-json\/wp\/v2\/pages\/155\/revisions\/573"}],"wp:attachment":[{"href":"https:\/\/cyge3r.com\/en\/wp-json\/wp\/v2\/media?parent=155"}],"curies":[{"name":"wp","href":"https:\/\/api.w.org\/{rel}","templated":true}]}}