{"id":651,"date":"2025-09-17T04:09:47","date_gmt":"2025-09-17T04:09:47","guid":{"rendered":"https:\/\/cyge3r.com\/?page_id=651"},"modified":"2025-09-17T04:10:11","modified_gmt":"2025-09-17T04:10:11","slug":"aviso-legal","status":"publish","type":"page","link":"https:\/\/cyge3r.com\/en\/aviso-legal\/","title":{"rendered":"AVISO LEGAL"},"content":{"rendered":"<p>El presente documento tiene como finalidad el establecer y regular las normas de uso de este portal web<br>entendiendo por \u00e9ste todas las p\u00e1ginas y sus contenidos propiedad de <strong>3R CONSULTORIA Y GESTION<br>ENERGETICA SL<\/strong> a las cuales se accede a trav\u00e9s del dominio <strong>www.cyge3r.com<\/strong><\/p>\n\n\n\n<p>La utilizaci\u00f3n del portal web atribuye la condici\u00f3n de usuario del mismo e implica la aceptaci\u00f3n de todas las<br>condiciones incluidas en el presente Aviso Legal. El usuario se compromete a leer atentamente el presente Aviso<br>Legal en cada una de las ocasiones en que se proponga utilizar nuestro portal web ya que \u00e9ste y sus condiciones de uso recogidas en el presente Aviso Legal pueden sufrir modificaciones.<\/p>\n\n\n\n<p><strong>DATOS IDENTIFICATIVOS:<\/strong><br>En cumplimiento con el deber de informaci\u00f3n recogido en art\u00edculo 10 de la Ley 34\/2002, de 11 de julio, de Servicios de la Sociedad de la Informaci\u00f3n y del Comercio Electr\u00f3nico, a continuaci\u00f3n, se reflejan los siguientes datos:<br><\/p>\n\n\n\n<p>El titular del presente Sitio es:<br>Raz\u00f3n social: <strong>3R CONSULTORIA Y GESTION ENERGETICA SL<\/strong> con CIF N: <strong>B19617091<\/strong>, Domicilio: <strong>C\/<br>BALTASAR GRACIAN N\u00ba 10 &#8211; 18140 ZUBIA (LA) (GRANADA)<\/strong> , tel\u00e9fono: <strong>670266526<\/strong>, y fax: , inscrita en el<br>registro.<strong><em><strong><em>_______<\/em><\/strong><\/em><\/strong> tomo_____ libro_______ folio________ secci\u00f3n__________ hoja____. El correo<br>electr\u00f3nico es: <strong>INFO@CYGE.ES<\/strong> y el nombre del dominio es <strong><em><strong><em>__________________<\/em><\/strong><\/em><\/strong><\/p>\n\n\n\n<p><strong>USUARIOS:<\/strong><br>El acceso y\/o uso de este portal web atribuye la condici\u00f3n de USUARIO, que acepta, desde dicho acceso y\/o uso, las Condiciones Generales de Uso aqu\u00ed reflejadas. Las citadas Condiciones ser\u00e1n de aplicaci\u00f3n independientemente de las Condiciones Generales de Contrataci\u00f3n que en su caso resulten de obligado cumplimiento.<br><\/p>\n\n\n\n<p><strong>USO DEL PORTTAL:<br>www.cyge3r.com<\/strong> proporciona el acceso a diversas informaciones en relaci\u00f3n con sus servicios, productos,<br>informaci\u00f3n de nuestra entidad, apartados de contacto, hiperenlaces a redes sociales, (en adelante, \u00ablos<br>contenidos\u00bb) pertenecientes a <strong>3R CONSULTORIA Y GESTION ENERGETICA SL<\/strong><\/p>\n\n\n\n<p>El usuario asume la responsabilidad del uso del portal. Dicha responsabilidad se extiende al registro o recogida de datos que fuese necesaria para acceder a determinados servicios. En dicho registro el usuario ser\u00e1 responsable de aportar informaci\u00f3n veraz y l\u00edcita.<\/p>","protected":false},"excerpt":{"rendered":"<p>El presente documento tiene como finalidad el establecer y regular las normas de uso de este portal webentendiendo por \u00e9ste todas las p\u00e1ginas y sus contenidos propiedad de 3R CONSULTORIA Y GESTIONENERGETICA SL a las cuales se accede a trav\u00e9s del dominio www.cyge3r.com La utilizaci\u00f3n del portal web atribuye la condici\u00f3n de usuario del mismo [&hellip;]<\/p>","protected":false},"author":1,"featured_media":0,"parent":0,"menu_order":0,"comment_status":"closed","ping_status":"closed","template":"","meta":{"footnotes":""},"class_list":["post-651","page","type-page","status-publish","hentry"],"_links":{"self":[{"href":"https:\/\/cyge3r.com\/en\/wp-json\/wp\/v2\/pages\/651","targetHints":{"allow":["GET"]}}],"collection":[{"href":"https:\/\/cyge3r.com\/en\/wp-json\/wp\/v2\/pages"}],"about":[{"href":"https:\/\/cyge3r.com\/en\/wp-json\/wp\/v2\/types\/page"}],"author":[{"embeddable":true,"href":"https:\/\/cyge3r.com\/en\/wp-json\/wp\/v2\/users\/1"}],"replies":[{"embeddable":true,"href":"https:\/\/cyge3r.com\/en\/wp-json\/wp\/v2\/comments?post=651"}],"version-history":[{"count":3,"href":"https:\/\/cyge3r.com\/en\/wp-json\/wp\/v2\/pages\/651\/revisions"}],"predecessor-version":[{"id":655,"href":"https:\/\/cyge3r.com\/en\/wp-json\/wp\/v2\/pages\/651\/revisions\/655"}],"wp:attachment":[{"href":"https:\/\/cyge3r.com\/en\/wp-json\/wp\/v2\/media?parent=651"}],"curies":[{"name":"wp","href":"https:\/\/api.w.org\/{rel}","templated":true}]}}