{"id":656,"date":"2025-09-17T04:25:45","date_gmt":"2025-09-17T04:25:45","guid":{"rendered":"https:\/\/cyge3r.com\/?page_id=656"},"modified":"2025-09-17T04:25:45","modified_gmt":"2025-09-17T04:25:45","slug":"politica-de-privacidad","status":"publish","type":"page","link":"https:\/\/cyge3r.com\/en\/politica-de-privacidad\/","title":{"rendered":"POLITICA DE PRIVACIDAD"},"content":{"rendered":"<h2 class=\"wp-block-heading\"><strong>PROTECCION DE DATOS:<\/strong><\/h2>\n\n\n\n<p><strong><br>3R CONSULTORIA Y GESTION ENERGETICA SL<\/strong> se encuentra profundamente comprometido con el<br>cumplimiento de la normativa espa\u00f1ola de protecci\u00f3n de datos de car\u00e1cter personal y es por ellos que cumple<br>estrictamente con las directrices de la Ley Org\u00e1nica 3\/2018 de 5 de diciembre, de Protecci\u00f3n de Datos Personales y<br>garant\u00eda de los derechos digitales, y con el Real Decreto 1720\/2007 de 21 de diciembre por el que se aprueba el<br>Reglamento de desarrollo de la Ley Org\u00e1nica y dem\u00e1s normativa vigente en cada momento, y vela por garantizar un<br>correcto uso y tratamiento de los datos personales del usuario.<br>Le informamos que los datos personales que la entidad pueda recogerle ser\u00e1n incorporados a los ficheros de 3R<br><strong>CONSULTORIA Y GESTION ENERGETICA SL<\/strong> que se encuentran debidamente inscritos en el Registro General<br>de la Agencia Espa\u00f1ola de Protecci\u00f3n de Datos y que tiene como finalidad comunicaci\u00f3n entre la empresa y sus<br>clientes, usuarios, contactos o interesados en relaci\u00f3n a nuestros productos o los servicios que prestamos, solicitudes<br>de informaci\u00f3n, etc<br>Los datos de car\u00e1cter personal, ser\u00e1n tratados con el grado de protecci\u00f3n adecuado, tom\u00e1ndose las medidas de<br>seguridad legalmente necesarias para evitar su p\u00e9rdida, deterioro y suministro y acceso a terceros no autorizados.<\/p>\n\n\n\n<p>Ello no obstante, el Usuario debe ser consciente de que las medidas de seguridad en Internet no son inexpugnables.<br>Al margen de la relaci\u00f3n contractual, el usuario autoriza a <strong>3R CONSULTORIA Y GESTION ENERGETICA SL<\/strong> al<br>tratamiento de sus datos personales para el env\u00edo de ofertas comerciales y publicidad por cualquier medio<br>(correspondencia, tel\u00e9fono, fax, mailing o cualquier otro medio telem\u00e1tico) propio.<br>As\u00ed mismo le informamos que podr\u00e1 ejercer los derechos (ARCO) de acceso, rectificaci\u00f3n, cancelaci\u00f3n y oposici\u00f3n de<br>los datos personales a los ficheros de <strong>3R CONSULTORIA Y GESTION ENERGETICA SL<\/strong> seg\u00fan lo dispuesto en la<br>Ley Org\u00e1nica de Protecci\u00f3n de Datos de Car\u00e1cter Personal (L.O. 3\/2018) y el RD. 1720\/2007, dirigiendo una solicitud<br>por escrito, junto con una copia del DNI a la siguiente direcci\u00f3n <strong>3R CONSULTORIA Y GESTION ENERGETICA<br>SL<\/strong>, o mediante el env\u00edo de un correo electr\u00f3nico a: <strong>INFO@CYGE.ES<\/strong><\/p>\n\n\n\n<ul class=\"wp-block-list\">\n<li><strong>Datos facilitados por terceros.<br><\/strong>En caso de que en la solicitud se incluyeran datos de car\u00e1cter personal, por personas no titulares de los mismos, el usuario deber\u00e1, con car\u00e1cter previo a su inclusi\u00f3n, informar a dichas personas de los extremos contenidos en los p\u00e1rrafos anteriores. <strong>3R CONSULTORIA Y GESTION ENERGETICA SL<\/strong> se exime de cualquier responsabilidad por el incumplimiento de \u00e9ste requisito.<\/li>\n\n\n\n<li><strong>Datos de menores.<\/strong><br>No est\u00e1 autorizado facilitar datos de personas menores de catorce a\u00f1os de edad a trav\u00e9s de este Sitio Web. <strong>3R CONSULTORIA Y GESTION ENERGETICA SL<\/strong> se exime de cualquier responsabilidad por el incumplimiento de este requisito.<\/li>\n\n\n\n<li><strong>Comunicaciones comerciales por medios electr\u00f3nicos.<br><\/strong>Las comunicaciones que se realicen por correo electr\u00f3nico o por cualquier otro medio electr\u00f3nico, ser\u00e1n las<br>necesarias para gestionar su solicitud. No obstante, ser\u00e1n aquellas que hayan sido consentidas o autorizadas expresamente por los destinatarios de conformidad con la Ley 34\/2002, de 11 de julio, de Servicios de la Sociedad de la Informaci\u00f3n y de Comercio Electr\u00f3nico, salvo lo dispuesto por el art\u00edculo 21.2 de esta misma Ley, en la redacci\u00f3n dada por la Disposici\u00f3n Final Primera de la nueva Ley General de Telecomunicaciones.<\/li>\n\n\n\n<li><strong>Medidas de seguridad.<br><\/strong>El responsable del fichero ha adoptado los niveles de seguridad de protecci\u00f3n de los Datos Personales legalmente requeridos, y ha instalado todos los medios y medidas t\u00e9cnicas a disposici\u00f3n seg\u00fan el estado de la tecnolog\u00eda para evitar la p\u00e9rdida, mal uso, alteraci\u00f3n, acceso no autorizado y robo de los Datos Personales facilitados.<\/li>\n\n\n\n<li><strong>Deber de secreto.<br><\/strong>El usuario cuenta con la confidencialidad y el deber de secreto de todos aquellos que traten los datos en nombre y por cuenta del mismo. Sin perjuicio de lo anterior, el usuario es consciente de la posibilidad de que la seguridad de las comunicaciones a trav\u00e9s de red no sea invulnerable.<br><strong>POLITICA DE COOKIES:<br><\/strong>El Sitio Web utiliza un analizador de tr\u00e1fico que emplea peque\u00f1os programas denominados y conocidos como<br>\u201ccookies\u201d, que nos dan a conocer cierta informaci\u00f3n sobre el uso de nuestro Sitio:<br>A) Podemos recabar informaci\u00f3n sobre tu ordenador, incluido, en su caso su direcci\u00f3n de IP, sistema operativo y<br>tipo de navegador. Se trata de datos estad\u00edsticos sobre c\u00f3mo navegas por nuestro sitio Web. Las cookies contienen<br>informaci\u00f3n que se transfiere al disco duro de tu ordenador.<br>B) Las cookies nos ayudan a mejorar nuestro sitio Web y a prestar un servicio mejor y m\u00e1s personalizado. En<br>concreto, nos permiten:<br>a) Hacer una estimaci\u00f3n sobre n\u00fameros y patrones de uso.<br>b) Almacenar informaci\u00f3n acerca de tus preferencias y personalizar nuestro sitio web de conformidad con tus<br>intereses individuales.<br>c) Acelerar tus b\u00fasquedas.<\/li>\n<\/ul>\n\n\n\n<p>d) Reconocerte cuando regreses de nuevo a nuestro sitio.<br>C) Esta p\u00e1gina web utiliza Google Analytics, un servicio anal\u00edtico de web prestado por Google, Inc., una compa\u00f1\u00eda de Delaware cuya oficina principal est\u00e1 en 1600 Amphitheatre Parkway, Mountain View (California), C A 94043, Estados Unidos (\u201cGoogle\u201d). Google Analytics utiliza \u201ccookies\u201d, que son archivos de texto ubicados en su ordenador, para ayudar al sitio web a analizar el uso que hacen los usuarios del sitio Web. La informaci\u00f3n que genera la cookie acerca de su uso del sitio Web (incluyendo su direcci\u00f3n IP) ser\u00e1 directamente transmitida y archivada por Google en los servidores de Estados Unidos. Google usar\u00e1 esta informaci\u00f3n por cuenta nuestra con el prop\u00f3sito de seguir la pista de su uso del sitio Web, recopilando informes de la actividad del sitio Web y prestando otros servicios relacionados con la actividad del sitio Web y el uso de Internet. Google podr\u00e1 transmitir dicha informaci\u00f3n a terceros cuando as\u00ed se lo requiera la legislaci\u00f3n, o cuando dichos terceros procesen la informaci\u00f3n por cuenta de Google.<br>Google no asociar\u00e1 su direcci\u00f3n IP con ning\u00fan otro dato del que disponga Google. Puede Usted rechazar el<br>tratamiento de los datos o la informaci\u00f3n rechazando el uso de cookies mediante la selecci\u00f3n de la configuraci\u00f3n<br>apropiada de su navegador, sin embargo, debe Usted saber que si lo hace puede ser que no pueda usar la plena<br>funcionabilidad de este sitio Web. Al utilizar este sitio Web Usted consiente el tratamiento de informaci\u00f3n acerca de Usted por Google en la forma y para los fines arriba indicados. A estos efectos, se informa que Google Inc. tiene la consideraci\u00f3n de \u201cpuerto seguro\u201d en cuanto a la normativa de protecci\u00f3n de datos personales.<br>D) El Usuario da su previo consentimiento, salvo indicaci\u00f3n en contrario, Usuario autoriza tambi\u00e9n los seguimientos de su IP durante la navegaci\u00f3n en el sitio Web.<br>E) Puedes negarte a aceptar cookies activando la configuraci\u00f3n en tu navegador que permite rechazar las cookies.<br>No obstante, si seleccionas esta configuraci\u00f3n, quiz\u00e1s no puedas acceder a determinadas partes del Sitio Web o no puedas aprovecharte de alguno de nuestros servicios. A menos que hayas ajustado la configuraci\u00f3n de tu navegador de forma que rechace cookies, nuestro sistema producir\u00e1 cookies cuando te conectes a nuestro sitio.<br>F) Siguiendo las directrices europeas de la normativa de protecci\u00f3n de datos que puedan verse afectados por el uso de cookies, informamos que los distintos navegadores de Internet cuentan con herramientas de configuraci\u00f3n para que el Usuario, si lo desea, pueda desactivar y\/o eliminar estas cookies o bien activar en su navegador el modo de navegaci\u00f3n privada.<br>G) Puede usted permitir, bloquear o eliminar las cookies instaladas en su equipo mediante la configuraci\u00f3n de las<br>opciones del navegador instalado en su ordenador:<br>Chrome: https:\/\/support.google.com\/chrome\/answer\/95647?hl=es<br>Explorer http:\/\/windows.microsoft.com\/es-es\/windows7\/how-to-manage-cookies-ininternet-explorer-9<br>Firefox https:\/\/support.mozilla.org\/es\/kb\/habilitar-y-deshabilitar-cookies-que-los-sitioswe<br>Safari https:\/\/support.apple.com\/kb\/ph5042?locale=es_ES<br><strong>Uso de cookies<br><\/strong>Este sitio web utiliza cookies para que usted tenga la mejor experiencia de usuario. Si contin\u00faa navegandoest\u00e1<br>dando su consentimiento para la aceptaci\u00f3n de las mencionadas cookies y la aceptaci\u00f3n de nuestrapol\u00edtica de<br>cookies, pinche el enlace para mayor informaci\u00f3n.<\/p>\n\n\n\n<p><\/p>","protected":false},"excerpt":{"rendered":"<p>PROTECCION DE DATOS: 3R CONSULTORIA Y GESTION ENERGETICA SL se encuentra profundamente comprometido con elcumplimiento de la normativa espa\u00f1ola de protecci\u00f3n de datos de car\u00e1cter personal y es por ellos que cumpleestrictamente con las directrices de la Ley Org\u00e1nica 3\/2018 de 5 de diciembre, de Protecci\u00f3n de Datos Personales ygarant\u00eda de los derechos digitales, y [&hellip;]<\/p>","protected":false},"author":1,"featured_media":0,"parent":0,"menu_order":0,"comment_status":"closed","ping_status":"closed","template":"","meta":{"footnotes":""},"class_list":["post-656","page","type-page","status-publish","hentry"],"_links":{"self":[{"href":"https:\/\/cyge3r.com\/en\/wp-json\/wp\/v2\/pages\/656","targetHints":{"allow":["GET"]}}],"collection":[{"href":"https:\/\/cyge3r.com\/en\/wp-json\/wp\/v2\/pages"}],"about":[{"href":"https:\/\/cyge3r.com\/en\/wp-json\/wp\/v2\/types\/page"}],"author":[{"embeddable":true,"href":"https:\/\/cyge3r.com\/en\/wp-json\/wp\/v2\/users\/1"}],"replies":[{"embeddable":true,"href":"https:\/\/cyge3r.com\/en\/wp-json\/wp\/v2\/comments?post=656"}],"version-history":[{"count":1,"href":"https:\/\/cyge3r.com\/en\/wp-json\/wp\/v2\/pages\/656\/revisions"}],"predecessor-version":[{"id":658,"href":"https:\/\/cyge3r.com\/en\/wp-json\/wp\/v2\/pages\/656\/revisions\/658"}],"wp:attachment":[{"href":"https:\/\/cyge3r.com\/en\/wp-json\/wp\/v2\/media?parent=656"}],"curies":[{"name":"wp","href":"https:\/\/api.w.org\/{rel}","templated":true}]}}